

























{"id":99035,"date":"2024-09-28T11:07:29","date_gmt":"2024-09-28T11:07:29","guid":{"rendered":"https:\/\/fortorphancare.org\/uqac\/?post_type=product&#038;p=99035"},"modified":"2024-09-28T11:20:15","modified_gmt":"2024-09-28T11:20:15","slug":"ebook-ramadan-tutor-auf-deutsch","status":"publish","type":"product","link":"https:\/\/fortorphancare.org\/uqac\/product\/ebook-ramadan-tutor-auf-deutsch\/","title":{"rendered":"Ebook: Ramadan Tutor auf Deutsch"},"content":{"rendered":"","protected":false},"excerpt":{"rendered":"<ul>\n<li>\n<div class=\"gmail_default\">\n<p><strong>Beschreibung:<\/strong><\/p>\n<div class=\"gmail_default\">\n<p>Einer unserer Bestseller im letzen Jahr: nun ist der Ramadan Tutor auch auf Deutsch verf\u00fcgbar! Der Planer ist die perfekte Begleitung f\u00fcr Kinder um ihnen auf spielerische Art und Weise dem Islam n\u00e4her zu bringen. Es ist auch eine sehr gute Besch\u00e4ftigung w\u00e4hrend des Covid-19 Lockdowns.<\/p>\n<\/div>\n<ul>\n<li class=\"gmail_default\">\n<p style=\"font-size: 18px;\"><strong>20 % Rabatt auf die ersten 100 Bestellungen mit dem Code &#8220;Ramadan&#8221;<\/strong><\/p>\n<\/li>\n<li>Elegantes und kompaktes Design<\/li>\n<li>Bilder auf islamischer Basis<\/li>\n<li>F\u00fcr wundersch\u00f6ne Familienerinnerungen<\/li>\n<li>Einf\u00fchrung in den Islam und den Monat Ramadan<\/li>\n<li class=\"gmail_default\">Geschichten und Aktivit\u00e4ten, die den Imaan aufladen und verst\u00e4rken<\/li>\n<li>Effektiver Tracker f\u00fcr einen bedeutungsvollen Ramadan<\/li>\n<li>Quiz, Puzzle, spielerische Aktivit\u00e4ten und noch viel mehr&#8230;<\/li>\n<\/ul>\n<div class=\"gmail_default\">\n<p style=\"color: blue; font-size: 24px;\"><strong><a href=\"https:\/\/understandquran.com\/wp-content\/uploads\/2020\/04\/Ramadan-Tutor-auf-Deutsch_V1_2020.pdf\">Lade hier eine Probeversion runter<\/a><\/strong><\/p>\n<p>&nbsp;<\/p>\n<\/div>\n<\/div>\n<\/li>\n<\/ul>\n","protected":false},"featured_media":99109,"comment_status":"open","ping_status":"closed","template":"","meta":{"_acf_changed":false},"product_cat":[181],"product_tag":[],"class_list":{"0":"post-99035","1":"product","2":"type-product","3":"status-publish","4":"has-post-thumbnail","6":"product_cat-e-books","8":"first","9":"instock","10":"downloadable","11":"shipping-taxable","12":"purchasable","13":"product-type-simple"},"acf":[],"_links":{"self":[{"href":"https:\/\/fortorphancare.org\/uqac\/wp-json\/wp\/v2\/product\/99035","targetHints":{"allow":["GET"]}}],"collection":[{"href":"https:\/\/fortorphancare.org\/uqac\/wp-json\/wp\/v2\/product"}],"about":[{"href":"https:\/\/fortorphancare.org\/uqac\/wp-json\/wp\/v2\/types\/product"}],"replies":[{"embeddable":true,"href":"https:\/\/fortorphancare.org\/uqac\/wp-json\/wp\/v2\/comments?post=99035"}],"wp:featuredmedia":[{"embeddable":true,"href":"https:\/\/fortorphancare.org\/uqac\/wp-json\/wp\/v2\/media\/99109"}],"wp:attachment":[{"href":"https:\/\/fortorphancare.org\/uqac\/wp-json\/wp\/v2\/media?parent=99035"}],"wp:term":[{"taxonomy":"product_cat","embeddable":true,"href":"https:\/\/fortorphancare.org\/uqac\/wp-json\/wp\/v2\/product_cat?post=99035"},{"taxonomy":"product_tag","embeddable":true,"href":"https:\/\/fortorphancare.org\/uqac\/wp-json\/wp\/v2\/product_tag?post=99035"}],"curies":[{"name":"wp","href":"https:\/\/api.w.org\/{rel}","templated":true}]}}